{"id":25,"date":"2019-02-11T10:11:42","date_gmt":"2019-02-11T10:11:42","guid":{"rendered":"http:\/\/xn--gstehaus-hummel-0kb.de\/?page_id=25"},"modified":"2019-02-11T21:15:59","modified_gmt":"2019-02-11T21:15:59","slug":"ueber-uns","status":"publish","type":"page","link":"http:\/\/xn--gstehaus-hummel-0kb.de\/?page_id=25","title":{"rendered":"\u00dcber uns"},"content":{"rendered":"<p><img decoding=\"async\" loading=\"lazy\" class=\"alignnone size-full wp-image-5\" src=\"http:\/\/xn--gstehaus-hummel-0kb.de\/wp-content\/uploads\/2019\/02\/Linie.jpg\" alt=\"\" width=\"1123\" height=\"21\" srcset=\"http:\/\/xn--gstehaus-hummel-0kb.de\/wp-content\/uploads\/2019\/02\/Linie.jpg 1123w, http:\/\/xn--gstehaus-hummel-0kb.de\/wp-content\/uploads\/2019\/02\/Linie-300x6.jpg 300w, http:\/\/xn--gstehaus-hummel-0kb.de\/wp-content\/uploads\/2019\/02\/Linie-768x14.jpg 768w, http:\/\/xn--gstehaus-hummel-0kb.de\/wp-content\/uploads\/2019\/02\/Linie-1024x19.jpg 1024w\" sizes=\"(max-width: 1123px) 100vw, 1123px\" \/><img decoding=\"async\" loading=\"lazy\" class=\"alignnone size-full wp-image-117\" src=\"http:\/\/xn--gstehaus-hummel-0kb.de\/wp-content\/uploads\/2019\/02\/IMG_0300a-e1549905502106.jpg\" alt=\"\" width=\"2357\" height=\"414\" \/><\/p>\n<p><img decoding=\"async\" loading=\"lazy\" class=\"alignnone size-full wp-image-5\" src=\"http:\/\/xn--gstehaus-hummel-0kb.de\/wp-content\/uploads\/2019\/02\/Linie.jpg\" alt=\"\" width=\"1123\" height=\"21\" srcset=\"http:\/\/xn--gstehaus-hummel-0kb.de\/wp-content\/uploads\/2019\/02\/Linie.jpg 1123w, http:\/\/xn--gstehaus-hummel-0kb.de\/wp-content\/uploads\/2019\/02\/Linie-300x6.jpg 300w, http:\/\/xn--gstehaus-hummel-0kb.de\/wp-content\/uploads\/2019\/02\/Linie-768x14.jpg 768w, http:\/\/xn--gstehaus-hummel-0kb.de\/wp-content\/uploads\/2019\/02\/Linie-1024x19.jpg 1024w\" sizes=\"(max-width: 1123px) 100vw, 1123px\" \/><img decoding=\"async\" loading=\"lazy\" class=\"size-medium wp-image-113 alignleft\" src=\"http:\/\/xn--gstehaus-hummel-0kb.de\/wp-content\/uploads\/2019\/02\/Willkommen-300x207.jpg\" alt=\"\" width=\"300\" height=\"207\" srcset=\"http:\/\/xn--gstehaus-hummel-0kb.de\/wp-content\/uploads\/2019\/02\/Willkommen-300x207.jpg 300w, http:\/\/xn--gstehaus-hummel-0kb.de\/wp-content\/uploads\/2019\/02\/Willkommen-768x530.jpg 768w, http:\/\/xn--gstehaus-hummel-0kb.de\/wp-content\/uploads\/2019\/02\/Willkommen-1024x707.jpg 1024w\" sizes=\"(max-width: 300px) 100vw, 300px\" \/><span style=\"font-family: verdana,geneva,sans-serif;\">H\u00f6chst, seit 1974 Stadtteil von Gelnhausen, liegt im sch\u00f6nen Kinzigtal, nahe der Stelle, an der sich Vogelsberg und Spessart am n\u00e4chsten kommen und lediglich durch den Fluss getrennt werden.<\/span><\/p>\n<p><span style=\"font-family: verdana,geneva,sans-serif;\">Trotz der idyllischen und l\u00e4ndlichen Lage am Nordrand des Spessarts, ist H\u00f6chst verkehrsm\u00e4\u00dfig gut angebunden. Von der Autobahnabfahrt Gelnhausen-Ost liegt der Ort nur wenige hundert Meter entfernt. Gelnhausen ist mit dem Bus in kurzer Zeit erreichbar. Von der Haltestelle &#8222;Haitz-H\u00f6chst&#8220; der Deutschen Bahn bestehen regelm\u00e4\u00dfige Verbindungen in Richtung Frankfurt und Fulda.<\/span><\/p>\n<p><span style=\"font-family: verdana,geneva,sans-serif;\">Unser Haus mit den familienfreundlichen Privatzimmern im Dachgeschoss liegt in einem Wohngebiet in ruhiger Lage. Ausgedehnte Spessartw\u00e4lder sind in wenigen Minuten erreichbar. Der Einstieg in den Kinzigtalradweg ist nur etwa 1 km entfernt. In etwa gleicher Entfernung befinden sich auch Bushaltestelle und Bahnhof.<\/span><\/p>\n<p><span style=\"font-family: verdana,geneva,sans-serif;\">Auf Wunsch holen wir unsere G\u00e4ste gerne auch am Bahnhof in Gelnhausen oder an der Haltestelle Haitz-H\u00f6chst ab.<\/span><\/p>\n","protected":false},"excerpt":{"rendered":"<p>H\u00f6chst, seit 1974 Stadtteil von Gelnhausen, liegt im sch\u00f6nen Kinzigtal, nahe der Stelle, an der sich Vogelsberg und Spessart am n\u00e4chsten kommen und lediglich durch den Fluss getrennt werden. Trotz der idyllischen und l\u00e4ndlichen Lage am Nordrand des Spessarts, ist H\u00f6chst verkehrsm\u00e4\u00dfig gut angebunden. Von der Autobahnabfahrt Gelnhausen-Ost liegt der<\/p>\n","protected":false},"author":1,"featured_media":0,"parent":0,"menu_order":0,"comment_status":"closed","ping_status":"closed","template":"template-fullwidth.php","meta":[],"_links":{"self":[{"href":"http:\/\/xn--gstehaus-hummel-0kb.de\/index.php?rest_route=\/wp\/v2\/pages\/25"}],"collection":[{"href":"http:\/\/xn--gstehaus-hummel-0kb.de\/index.php?rest_route=\/wp\/v2\/pages"}],"about":[{"href":"http:\/\/xn--gstehaus-hummel-0kb.de\/index.php?rest_route=\/wp\/v2\/types\/page"}],"author":[{"embeddable":true,"href":"http:\/\/xn--gstehaus-hummel-0kb.de\/index.php?rest_route=\/wp\/v2\/users\/1"}],"replies":[{"embeddable":true,"href":"http:\/\/xn--gstehaus-hummel-0kb.de\/index.php?rest_route=%2Fwp%2Fv2%2Fcomments&post=25"}],"version-history":[{"count":7,"href":"http:\/\/xn--gstehaus-hummel-0kb.de\/index.php?rest_route=\/wp\/v2\/pages\/25\/revisions"}],"predecessor-version":[{"id":120,"href":"http:\/\/xn--gstehaus-hummel-0kb.de\/index.php?rest_route=\/wp\/v2\/pages\/25\/revisions\/120"}],"wp:attachment":[{"href":"http:\/\/xn--gstehaus-hummel-0kb.de\/index.php?rest_route=%2Fwp%2Fv2%2Fmedia&parent=25"}],"curies":[{"name":"wp","href":"https:\/\/api.w.org\/{rel}","templated":true}]}}