{"id":47,"date":"2019-02-11T10:20:29","date_gmt":"2019-02-11T10:20:29","guid":{"rendered":"http:\/\/xn--gstehaus-hummel-0kb.de\/?page_id=47"},"modified":"2019-02-11T11:05:55","modified_gmt":"2019-02-11T11:05:55","slug":"impressum","status":"publish","type":"page","link":"http:\/\/xn--gstehaus-hummel-0kb.de\/?page_id=47","title":{"rendered":"Impressum"},"content":{"rendered":"\r\n<p><img decoding=\"async\" loading=\"lazy\" class=\"alignnone wp-image-5 size-full\" src=\"http:\/\/xn--gstehaus-hummel-0kb.de\/wp-content\/uploads\/2019\/02\/Linie.jpg\" alt=\"\" width=\"1123\" height=\"21\" srcset=\"http:\/\/xn--gstehaus-hummel-0kb.de\/wp-content\/uploads\/2019\/02\/Linie.jpg 1123w, http:\/\/xn--gstehaus-hummel-0kb.de\/wp-content\/uploads\/2019\/02\/Linie-300x6.jpg 300w, http:\/\/xn--gstehaus-hummel-0kb.de\/wp-content\/uploads\/2019\/02\/Linie-768x14.jpg 768w, http:\/\/xn--gstehaus-hummel-0kb.de\/wp-content\/uploads\/2019\/02\/Linie-1024x19.jpg 1024w\" sizes=\"(max-width: 1123px) 100vw, 1123px\" \/><strong><span style=\"font-family: verdana,geneva,sans-serif;\">Verantwortlich f\u00fcr diesen Internetauftritt:<\/span><\/strong><\/p>\r\n<pre><span style=\"font-family: verdana,geneva,sans-serif;\">Rosemarie und Erich Hummel<\/span><br \/><span style=\"font-family: verdana,geneva,sans-serif;\">Neue Stra\u00dfe 27<\/span><br \/><span style=\"font-family: verdana,geneva,sans-serif;\">63571 Gelnhausen-H\u00f6chst<\/span><br \/><span style=\"font-family: verdana,geneva,sans-serif;\">Telefon: +49(0)6051 73872<\/span><br \/><span style=\"font-family: verdana,geneva,sans-serif;\">Fax: +49(0)6051 9719638<\/span><br \/><span style=\"font-family: verdana,geneva,sans-serif;\">Mail: <a href=\"mailto:Erich.Hummel@t-online.de\">Erich.Hummel@t-online.de<\/a><\/span><\/pre>\r\n<p><span style=\"font-family: verdana,geneva,sans-serif;\">Alle Informationen dienen zur pers\u00f6nlichen Information. Die verwendeten Bilder und Texte sind urheberrechtlich gesch\u00fctzt. Eine kommerzielle Nutzung ist nur mit unserer ausdr\u00fccklichen Genehmigung erlaubt. <\/span><span style=\"font-family: verdana,geneva,sans-serif;\">F\u00fcr Fehler im Text oder falsche Links wird keine Haftung \u00fcbernommen.<\/span><\/p>\r\n<p><span style=\"font-family: verdana,geneva,sans-serif;\">Auf die Inhalte von Seiten au\u00dferhalb dieser Webseite, die durch einen Verweis (Link) verbunden sind, haben wir keinen Einfluss. Daf\u00fcr sind ausschlie\u00dflich die jeweiligen Betreiber der entsprechenden Webseiten verantwortlich.<\/span><\/p>\r\n","protected":false},"excerpt":{"rendered":"<p>Verantwortlich f\u00fcr diesen Internetauftritt: Rosemarie und Erich HummelNeue Stra\u00dfe 2763571 Gelnhausen-H\u00f6chstTelefon: +49(0)6051 73872Fax: +49(0)6051 9719638Mail: Erich.Hummel@t-online.de Alle Informationen dienen zur pers\u00f6nlichen Information. Die verwendeten Bilder und Texte sind urheberrechtlich gesch\u00fctzt. Eine kommerzielle Nutzung ist nur mit unserer ausdr\u00fccklichen Genehmigung erlaubt. F\u00fcr Fehler im Text oder falsche Links wird keine Haftung<\/p>\n","protected":false},"author":1,"featured_media":0,"parent":0,"menu_order":0,"comment_status":"closed","ping_status":"closed","template":"template-fullwidth.php","meta":[],"_links":{"self":[{"href":"http:\/\/xn--gstehaus-hummel-0kb.de\/index.php?rest_route=\/wp\/v2\/pages\/47"}],"collection":[{"href":"http:\/\/xn--gstehaus-hummel-0kb.de\/index.php?rest_route=\/wp\/v2\/pages"}],"about":[{"href":"http:\/\/xn--gstehaus-hummel-0kb.de\/index.php?rest_route=\/wp\/v2\/types\/page"}],"author":[{"embeddable":true,"href":"http:\/\/xn--gstehaus-hummel-0kb.de\/index.php?rest_route=\/wp\/v2\/users\/1"}],"replies":[{"embeddable":true,"href":"http:\/\/xn--gstehaus-hummel-0kb.de\/index.php?rest_route=%2Fwp%2Fv2%2Fcomments&post=47"}],"version-history":[{"count":10,"href":"http:\/\/xn--gstehaus-hummel-0kb.de\/index.php?rest_route=\/wp\/v2\/pages\/47\/revisions"}],"predecessor-version":[{"id":66,"href":"http:\/\/xn--gstehaus-hummel-0kb.de\/index.php?rest_route=\/wp\/v2\/pages\/47\/revisions\/66"}],"wp:attachment":[{"href":"http:\/\/xn--gstehaus-hummel-0kb.de\/index.php?rest_route=%2Fwp%2Fv2%2Fmedia&parent=47"}],"curies":[{"name":"wp","href":"https:\/\/api.w.org\/{rel}","templated":true}]}}